{"id":1356,"date":"2024-08-05T11:55:28","date_gmt":"2024-08-05T09:55:28","guid":{"rendered":"https:\/\/warmeco.ee\/?page_id=1356"},"modified":"2024-08-06T08:08:31","modified_gmt":"2024-08-06T06:08:31","slug":"digipoorde-projekt","status":"publish","type":"page","link":"https:\/\/warmeco.ee\/en\/digipoorde-projekt\/","title":{"rendered":"Digital Transformation Project"},"content":{"rendered":"<h2 class=\"wp-block-heading\"> <\/h2>\n\n\n\n<p>Between May 14, 2024, and June 10, 2025, Warmeco O\u00dc will carry out a digital transformation project titled \"Automation and Optimization of Warmeco O\u00dc's Core Processes through the Adoption of Digital Technologies.\" The project's objective is to implement additional digital solutions, specifically by deploying the Odoo ERP software that best fits the company's needs. This includes developing interfaces for integrating Odoo with other existing software and performing development work to utilize additional functionalities of Odoo and enhance its overall usability.<\/p>\n\n\n\n<p>The project has been funded by the European Union's NextGenerationEU recovery fund with a co-financing amount of 77,738.50 euros.<\/p>\n\n\n\n<figure class=\"wp-block-image size-full is-resized\"><img loading=\"lazy\" decoding=\"async\" width=\"1200\" height=\"674\" src=\"https:\/\/warmeco.ee\/wp-content\/uploads\/nextgen_rahastanud_el_nextgeneration_est_hor_color-1.jpg\" alt=\"\" class=\"wp-image-1353\" style=\"width:386px;height:auto\" srcset=\"https:\/\/warmeco.ee\/wp-content\/uploads\/nextgen_rahastanud_el_nextgeneration_est_hor_color-1.jpg 1200w, https:\/\/warmeco.ee\/wp-content\/uploads\/nextgen_rahastanud_el_nextgeneration_est_hor_color-1-960x539.jpg 960w, https:\/\/warmeco.ee\/wp-content\/uploads\/nextgen_rahastanud_el_nextgeneration_est_hor_color-1-768x431.jpg 768w\" sizes=\"auto, (max-width: 1200px) 100vw, 1200px\" \/><\/figure>\n\n\n\n<p><\/p>","protected":false},"excerpt":{"rendered":"<p>Ajavahemikul 14.05.2024 &#8211; 10.06.2025 teostab Warmeco O\u00dc digip\u00f6\u00f6rde projekti \u201eWarmeco O\u00dc p\u00f5hiprotsesside automatiseerimine ja optimeerimine digitaalsete tehnoloogiate kasutuselev\u00f5tu kaudu\u201c. Projekti eesm\u00e4rgiks on kasutusele v\u00f5tta t\u00e4iendavad digitaalsed lahendused ehk juurutatakse enim ettev\u00f5tte vajadustele sobiv Odoo ERP tarkvara, arendatakse v\u00e4lja liidesed Odoo ja teiste kasutusel olevate tarkvarade omavaheliseks integreerimiseks ning teostatakse arendust\u00f6\u00f6d Odoo t\u00e4iendavate funktsionaalsuste kasutamiseks ning [&hellip;]<\/p>","protected":false},"author":1,"featured_media":0,"parent":0,"menu_order":0,"comment_status":"closed","ping_status":"closed","template":"","meta":{"_acf_changed":false,"footnotes":""},"class_list":["post-1356","page","type-page","status-publish","hentry"],"acf":[],"_links":{"self":[{"href":"https:\/\/warmeco.ee\/en\/wp-json\/wp\/v2\/pages\/1356","targetHints":{"allow":["GET"]}}],"collection":[{"href":"https:\/\/warmeco.ee\/en\/wp-json\/wp\/v2\/pages"}],"about":[{"href":"https:\/\/warmeco.ee\/en\/wp-json\/wp\/v2\/types\/page"}],"author":[{"embeddable":true,"href":"https:\/\/warmeco.ee\/en\/wp-json\/wp\/v2\/users\/1"}],"replies":[{"embeddable":true,"href":"https:\/\/warmeco.ee\/en\/wp-json\/wp\/v2\/comments?post=1356"}],"version-history":[{"count":10,"href":"https:\/\/warmeco.ee\/en\/wp-json\/wp\/v2\/pages\/1356\/revisions"}],"predecessor-version":[{"id":1379,"href":"https:\/\/warmeco.ee\/en\/wp-json\/wp\/v2\/pages\/1356\/revisions\/1379"}],"wp:attachment":[{"href":"https:\/\/warmeco.ee\/en\/wp-json\/wp\/v2\/media?parent=1356"}],"curies":[{"name":"wp","href":"https:\/\/api.w.org\/{rel}","templated":true}]}}