{"id":1356,"date":"2024-08-05T11:55:28","date_gmt":"2024-08-05T09:55:28","guid":{"rendered":"https:\/\/warmeco.ee\/?page_id=1356"},"modified":"2024-08-06T08:08:31","modified_gmt":"2024-08-06T06:08:31","slug":"digipoorde-projekt","status":"publish","type":"page","link":"https:\/\/warmeco.ee\/fi\/digipoorde-projekt\/","title":{"rendered":"Digitaalisen muutoksen projekti"},"content":{"rendered":"<h2 class=\"wp-block-heading\"> <\/h2>\n\n\n\n<p>Ajanjaksolla 14.5.2024 - 10.6.2025 Warmeco O\u00dc toteuttaa digitaalisen muutoksen projektin nimelt\u00e4 \"Warmeco O\u00dc\nydinprosessien automatisointi ja optimointi digitaalisten teknologioiden k\u00e4ytt\u00f6\u00f6noton kautta.\" Projektin tavoitteena on ottaa k\u00e4ytt\u00f6\u00f6n lis\u00e4digitaalisia ratkaisuja, erityisesti k\u00e4ytt\u00e4m\u00e4ll\u00e4 yrityksen tarpeisiin parhaiten soveltuvaa Odoo ERP -ohjelmistoa. T\u00e4m\u00e4 sis\u00e4lt\u00e4\u00e4 rajapintojen kehitt\u00e4misen Odoo\nja muiden k\u00e4yt\u00f6ss\u00e4 olevien ohjelmistojen integroimiseksi sek\u00e4 kehitysty\u00f6n tekemisen Odoo\nlis\u00e4toimintojen hy\u00f6dynt\u00e4miseksi ja Odoo\nyleisen k\u00e4ytett\u00e4vyyden parantamiseksi.<\/p>\n\n\n\n<p>Projekti on rahoitettu Euroopan unionin NextGenerationEU-elvytysrahastosta 77 738,50 euron yhteisrahoituksella.<\/p>\n\n\n\n<figure class=\"wp-block-image size-full is-resized\"><img loading=\"lazy\" decoding=\"async\" width=\"1200\" height=\"674\" src=\"https:\/\/warmeco.ee\/wp-content\/uploads\/nextgen_rahastanud_el_nextgeneration_est_hor_color-1.jpg\" alt=\"\" class=\"wp-image-1353\" style=\"width:386px;height:auto\" srcset=\"https:\/\/warmeco.ee\/wp-content\/uploads\/nextgen_rahastanud_el_nextgeneration_est_hor_color-1.jpg 1200w, https:\/\/warmeco.ee\/wp-content\/uploads\/nextgen_rahastanud_el_nextgeneration_est_hor_color-1-960x539.jpg 960w, https:\/\/warmeco.ee\/wp-content\/uploads\/nextgen_rahastanud_el_nextgeneration_est_hor_color-1-768x431.jpg 768w\" sizes=\"auto, (max-width: 1200px) 100vw, 1200px\" \/><\/figure>\n\n\n\n<p><\/p>","protected":false},"excerpt":{"rendered":"<p>Ajavahemikul 14.05.2024 &#8211; 10.06.2025 teostab Warmeco O\u00dc digip\u00f6\u00f6rde projekti \u201eWarmeco O\u00dc p\u00f5hiprotsesside automatiseerimine ja optimeerimine digitaalsete tehnoloogiate kasutuselev\u00f5tu kaudu\u201c. Projekti eesm\u00e4rgiks on kasutusele v\u00f5tta t\u00e4iendavad digitaalsed lahendused ehk juurutatakse enim ettev\u00f5tte vajadustele sobiv Odoo ERP tarkvara, arendatakse v\u00e4lja liidesed Odoo ja teiste kasutusel olevate tarkvarade omavaheliseks integreerimiseks ning teostatakse arendust\u00f6\u00f6d Odoo t\u00e4iendavate funktsionaalsuste kasutamiseks ning [&hellip;]<\/p>","protected":false},"author":1,"featured_media":0,"parent":0,"menu_order":0,"comment_status":"closed","ping_status":"closed","template":"","meta":{"_acf_changed":false,"footnotes":""},"class_list":["post-1356","page","type-page","status-publish","hentry"],"acf":[],"_links":{"self":[{"href":"https:\/\/warmeco.ee\/fi\/wp-json\/wp\/v2\/pages\/1356","targetHints":{"allow":["GET"]}}],"collection":[{"href":"https:\/\/warmeco.ee\/fi\/wp-json\/wp\/v2\/pages"}],"about":[{"href":"https:\/\/warmeco.ee\/fi\/wp-json\/wp\/v2\/types\/page"}],"author":[{"embeddable":true,"href":"https:\/\/warmeco.ee\/fi\/wp-json\/wp\/v2\/users\/1"}],"replies":[{"embeddable":true,"href":"https:\/\/warmeco.ee\/fi\/wp-json\/wp\/v2\/comments?post=1356"}],"version-history":[{"count":10,"href":"https:\/\/warmeco.ee\/fi\/wp-json\/wp\/v2\/pages\/1356\/revisions"}],"predecessor-version":[{"id":1379,"href":"https:\/\/warmeco.ee\/fi\/wp-json\/wp\/v2\/pages\/1356\/revisions\/1379"}],"wp:attachment":[{"href":"https:\/\/warmeco.ee\/fi\/wp-json\/wp\/v2\/media?parent=1356"}],"curies":[{"name":"wp","href":"https:\/\/api.w.org\/{rel}","templated":true}]}}